{"id":1238,"date":"2026-03-16T20:31:09","date_gmt":"2026-03-16T20:31:09","guid":{"rendered":"https:\/\/www.options-fs.com\/?page_id=1238"},"modified":"2026-03-17T21:13:08","modified_gmt":"2026-03-17T21:13:08","slug":"about","status":"publish","type":"page","link":"https:\/\/www.options-fs.com\/ro\/about\/","title":{"rendered":"Despre"},"content":{"rendered":"<div data-elementor-type=\"wp-page\" data-elementor-id=\"1238\" class=\"elementor elementor-1238\" data-elementor-post-type=\"page\">\n\t\t\t\t<div class=\"elementor-element elementor-element-3e2d570 e-flex e-con-boxed e-con e-parent\" data-id=\"3e2d570\" data-element_type=\"container\">\n\t\t\t\t\t<div class=\"e-con-inner\">\n\t\t<div class=\"elementor-element elementor-element-42dc8d8 e-con-full e-flex e-con e-child\" data-id=\"42dc8d8\" data-element_type=\"container\">\n\t\t\t\t<div class=\"elementor-element elementor-element-0a84066 animated-fast elementor-invisible elementor-widget elementor-widget-heading\" data-id=\"0a84066\" data-element_type=\"widget\" data-settings=\"{&quot;_animation&quot;:&quot;fadeInUp&quot;}\" data-widget_type=\"heading.default\">\n\t\t\t\t<div class=\"elementor-widget-container\">\n\t\t\t\t\t<h1 class=\"elementor-heading-title elementor-size-default\">Despre <span class=\"ofs-text-gradient\">Noi<\/span><\/h1>\t\t\t\t<\/div>\n\t\t\t\t<\/div>\n\t\t\t\t<div class=\"elementor-element elementor-element-faf6685 elementor-invisible elementor-widget elementor-widget-text-editor\" data-id=\"faf6685\" data-element_type=\"widget\" data-settings=\"{&quot;_animation&quot;:&quot;fadeInUp&quot;}\" data-widget_type=\"text-editor.default\">\n\t\t\t\t<div class=\"elementor-widget-container\">\n\t\t\t\t\t\t\t\t\t<p>Construim viitorul credit\u0103rii de consum, o conexiune perfect\u0103 la un timp.<\/p>\t\t\t\t\t\t\t\t<\/div>\n\t\t\t\t<\/div>\n\t\t\t\t<\/div>\n\t\t<div class=\"elementor-element elementor-element-f18981a e-con-full ofs-about-hero-orb-1 e-flex e-con e-child\" data-id=\"f18981a\" data-element_type=\"container\">\n\t\t\t\t<\/div>\n\t\t<div class=\"elementor-element elementor-element-7c8a42e e-con-full ofs-about-hero-orb-2 e-flex e-con e-child\" data-id=\"7c8a42e\" data-element_type=\"container\">\n\t\t\t\t<\/div>\n\t\t\t\t\t<\/div>\n\t\t\t\t<\/div>\n\t\t<div class=\"elementor-element elementor-element-f5f7c41 e-flex e-con-boxed e-con e-parent\" data-id=\"f5f7c41\" data-element_type=\"container\" data-settings=\"{&quot;background_background&quot;:&quot;classic&quot;}\">\n\t\t\t\t\t<div class=\"e-con-inner\">\n\t\t<div class=\"elementor-element elementor-element-0f2888f e-con-full e-flex e-con e-child\" data-id=\"0f2888f\" data-element_type=\"container\">\n\t\t<div class=\"elementor-element elementor-element-1faa45c e-con-full ofs-glass-card animated-fast e-flex elementor-invisible e-con e-child\" data-id=\"1faa45c\" data-element_type=\"container\" data-settings=\"{&quot;animation&quot;:&quot;fadeInRight&quot;}\">\n\t\t\t\t<div class=\"elementor-element elementor-element-7cf9851 elementor-view-framed elementor-shape-rounded elementor-widget elementor-widget-icon\" data-id=\"7cf9851\" data-element_type=\"widget\" data-widget_type=\"icon.default\">\n\t\t\t\t<div class=\"elementor-widget-container\">\n\t\t\t\t\t\t\t<div class=\"elementor-icon-wrapper\">\n\t\t\t<div class=\"elementor-icon\">\n\t\t\t<svg xmlns=\"http:\/\/www.w3.org\/2000\/svg\" width=\"24\" height=\"24\" viewbox=\"0 0 24 24\" fill=\"none\" stroke=\"currentColor\" stroke-width=\"2\" stroke-linecap=\"round\" stroke-linejoin=\"round\"><path d=\"M20 13c0 5-3.5 7.5-7.66 8.95a1 1 0 0 1-.67-.01C7.5 20.5 4 18 4 13V6a1 1 0 0 1 1-1c2 0 4.5-1.2 6.24-2.72a1.17 1.17 0 0 1 1.52 0C14.51 3.81 17 5 19 5a1 1 0 0 1 1 1z\"><\/path><\/svg>\t\t\t<\/div>\n\t\t<\/div>\n\t\t\t\t\t\t<\/div>\n\t\t\t\t<\/div>\n\t\t<div class=\"elementor-element elementor-element-09097c9 e-con-full e-flex e-con e-child\" data-id=\"09097c9\" data-element_type=\"container\">\n\t\t\t\t<div class=\"elementor-element elementor-element-52fccc8 elementor-widget elementor-widget-text-editor\" data-id=\"52fccc8\" data-element_type=\"widget\" data-widget_type=\"text-editor.default\">\n\t\t\t\t<div class=\"elementor-widget-container\">\n\t\t\t\t\t\t\t\t\t<p>Cine Suntem<\/p>\t\t\t\t\t\t\t\t<\/div>\n\t\t\t\t<\/div>\n\t\t\t\t<div class=\"elementor-element elementor-element-e224594 elementor-widget elementor-widget-text-editor\" data-id=\"e224594\" data-element_type=\"widget\" data-widget_type=\"text-editor.default\">\n\t\t\t\t<div class=\"elementor-widget-container\">\n\t\t\t\t\t\t\t\t\t<p>Suntem o platform\u0103 de brokeraj de creditare de \u00eencredere, dedicat\u0103 s\u0103 ajute clien\u021bii s\u0103 g\u0103seasc\u0103 rapid \u0219i u\u0219or cele mai bune op\u021biuni de creditare. Cu o vast\u0103 experien\u021b\u0103 \u00een industria credit\u0103rii, conect\u0103m debitorii cu creditori de top, asigur\u00e2nd un proces transparent \u0219i f\u0103r\u0103 probleme, de la cerere p\u00e2n\u0103 la aprobare.<\/p>\t\t\t\t\t\t\t\t<\/div>\n\t\t\t\t<\/div>\n\t\t\t\t<\/div>\n\t\t\t\t<\/div>\n\t\t<div class=\"elementor-element elementor-element-50804ba e-con-full ofs-glass-card animated-fast e-flex elementor-invisible e-con e-child\" data-id=\"50804ba\" data-element_type=\"container\" data-settings=\"{&quot;animation&quot;:&quot;fadeInRight&quot;,&quot;animation_delay&quot;:100}\">\n\t\t\t\t<div class=\"elementor-element elementor-element-68ca4f1 elementor-view-framed elementor-shape-rounded elementor-widget elementor-widget-icon\" data-id=\"68ca4f1\" data-element_type=\"widget\" data-widget_type=\"icon.default\">\n\t\t\t\t<div class=\"elementor-widget-container\">\n\t\t\t\t\t\t\t<div class=\"elementor-icon-wrapper\">\n\t\t\t<div class=\"elementor-icon\">\n\t\t\t<svg xmlns=\"http:\/\/www.w3.org\/2000\/svg\" width=\"24\" height=\"24\" viewbox=\"0 0 24 24\" fill=\"none\" stroke=\"currentColor\" stroke-width=\"2\" stroke-linecap=\"round\" stroke-linejoin=\"round\"><path d=\"M20 16V7a2 2 0 0 0-2-2H6a2 2 0 0 0-2 2v9m16 0H4m16 0 1.28 2.55a1 1 0 0 1-.9 1.45H3.62a1 1 0 0 1-.9-1.45L4 16\"><\/path><\/svg>\t\t\t<\/div>\n\t\t<\/div>\n\t\t\t\t\t\t<\/div>\n\t\t\t\t<\/div>\n\t\t<div class=\"elementor-element elementor-element-0b872bd e-con-full e-flex e-con e-child\" data-id=\"0b872bd\" data-element_type=\"container\">\n\t\t\t\t<div class=\"elementor-element elementor-element-9e561ff elementor-widget elementor-widget-text-editor\" data-id=\"9e561ff\" data-element_type=\"widget\" data-widget_type=\"text-editor.default\">\n\t\t\t\t<div class=\"elementor-widget-container\">\n\t\t\t\t\t\t\t\t\tMisiunea Noastr\u0103\t\t\t\t\t\t\t\t<\/div>\n\t\t\t\t<\/div>\n\t\t\t\t<div class=\"elementor-element elementor-element-1f550f6 elementor-widget elementor-widget-text-editor\" data-id=\"1f550f6\" data-element_type=\"widget\" data-widget_type=\"text-editor.default\">\n\t\t\t\t<div class=\"elementor-widget-container\">\n\t\t\t\t\t\t\t\t\t<p>Misiunea noastr\u0103 este de a simplifica procesul de creditare, oferind clien\u021bilor posibilitatea de a lua decizii informate \u0219i de a accesa solu\u021biile financiare care se potrivesc cel mai bine nevoilor lor.<\/p>\t\t\t\t\t\t\t\t<\/div>\n\t\t\t\t<\/div>\n\t\t\t\t<\/div>\n\t\t\t\t<\/div>\n\t\t<div class=\"elementor-element elementor-element-04631e4 e-con-full ofs-glass-card animated-fast e-flex elementor-invisible e-con e-child\" data-id=\"04631e4\" data-element_type=\"container\" data-settings=\"{&quot;animation&quot;:&quot;fadeInRight&quot;,&quot;animation_delay&quot;:200}\">\n\t\t\t\t<div class=\"elementor-element elementor-element-770a7be elementor-view-framed elementor-shape-rounded elementor-widget elementor-widget-icon\" data-id=\"770a7be\" data-element_type=\"widget\" data-widget_type=\"icon.default\">\n\t\t\t\t<div class=\"elementor-widget-container\">\n\t\t\t\t\t\t\t<div class=\"elementor-icon-wrapper\">\n\t\t\t<div class=\"elementor-icon\">\n\t\t\t<svg xmlns=\"http:\/\/www.w3.org\/2000\/svg\" width=\"24\" height=\"24\" viewbox=\"0 0 24 24\" fill=\"none\" stroke=\"currentColor\" stroke-width=\"2\" stroke-linecap=\"round\" stroke-linejoin=\"round\"><circle cx=\"8\" cy=\"21\" r=\"1\"><\/circle><circle cx=\"19\" cy=\"21\" r=\"1\"><\/circle><path d=\"M2.05 2.05h2l2.66 12.42a2 2 0 0 0 2 1.58h9.78a2 2 0 0 0 1.95-1.57l1.65-7.43H5.12\"><\/path><\/svg>\t\t\t<\/div>\n\t\t<\/div>\n\t\t\t\t\t\t<\/div>\n\t\t\t\t<\/div>\n\t\t<div class=\"elementor-element elementor-element-05bd0ad e-con-full e-flex e-con e-child\" data-id=\"05bd0ad\" data-element_type=\"container\">\n\t\t\t\t<div class=\"elementor-element elementor-element-86a87bf elementor-widget elementor-widget-text-editor\" data-id=\"86a87bf\" data-element_type=\"widget\" data-widget_type=\"text-editor.default\">\n\t\t\t\t<div class=\"elementor-widget-container\">\n\t\t\t\t\t\t\t\t\tBroker de Creditare Autorizat\t\t\t\t\t\t\t\t<\/div>\n\t\t\t\t<\/div>\n\t\t\t\t<div class=\"elementor-element elementor-element-3fed7c8 elementor-widget elementor-widget-text-editor\" data-id=\"3fed7c8\" data-element_type=\"widget\" data-widget_type=\"text-editor.default\">\n\t\t\t\t<div class=\"elementor-widget-container\">\n\t\t\t\t\t\t\t\t\tSuntem autoriza\u021bi oficial ca Broker de Creditare de c\u0103tre ANPC \u00een Rom\u00e2nia. Acest lucru asigur\u0103 respectarea standardelor de reglementare \u0219i ofer\u0103 clien\u021bilor no\u0219tri lini\u0219te sufleteasc\u0103 atunci c\u00e2nd ne aleg ca partener de creditare.\t\t\t\t\t\t\t\t<\/div>\n\t\t\t\t<\/div>\n\t\t\t\t<\/div>\n\t\t\t\t<\/div>\n\t\t\t\t<\/div>\n\t\t\t\t\t<\/div>\n\t\t\t\t<\/div>\n\t\t<div class=\"elementor-element elementor-element-f515067 e-flex e-con-boxed e-con e-parent\" data-id=\"f515067\" data-element_type=\"container\" data-settings=\"{&quot;background_background&quot;:&quot;classic&quot;}\">\n\t\t\t\t\t<div class=\"e-con-inner\">\n\t\t<div class=\"elementor-element elementor-element-3d109f9 animated-fast e-flex e-con-boxed elementor-invisible e-con e-child\" data-id=\"3d109f9\" data-element_type=\"container\" data-settings=\"{&quot;animation&quot;:&quot;fadeInUp&quot;}\">\n\t\t\t\t\t<div class=\"e-con-inner\">\n\t\t<div class=\"elementor-element elementor-element-ab4b0b2 e-con-full ofs-glass-card e-flex elementor-invisible e-con e-child\" data-id=\"ab4b0b2\" data-element_type=\"container\" data-settings=\"{&quot;animation&quot;:&quot;fadeIn&quot;}\">\n\t\t\t\t<div class=\"elementor-element elementor-element-faa9629 elementor-view-framed elementor-shape-circle elementor-widget elementor-widget-icon\" data-id=\"faa9629\" data-element_type=\"widget\" data-widget_type=\"icon.default\">\n\t\t\t\t<div class=\"elementor-widget-container\">\n\t\t\t\t\t\t\t<div class=\"elementor-icon-wrapper\">\n\t\t\t<div class=\"elementor-icon\">\n\t\t\t<svg xmlns=\"http:\/\/www.w3.org\/2000\/svg\" width=\"24\" height=\"24\" viewbox=\"0 0 24 24\" fill=\"none\" stroke=\"currentColor\" stroke-width=\"2\" stroke-linecap=\"round\" stroke-linejoin=\"round\"><path d=\"M16 21v-2a4 4 0 0 0-4-4H6a4 4 0 0 0-4 4v2\"><\/path><circle cx=\"9\" cy=\"7\" r=\"4\"><\/circle><path d=\"M22 21v-2a4 4 0 0 0-3-3.87\"><\/path><path d=\"M16 3.13a4 4 0 0 1 0 7.75\"><\/path><\/svg>\t\t\t<\/div>\n\t\t<\/div>\n\t\t\t\t\t\t<\/div>\n\t\t\t\t<\/div>\n\t\t\t\t<div class=\"elementor-element elementor-element-ce04d2f elementor-widget elementor-widget-text-editor\" data-id=\"ce04d2f\" data-element_type=\"widget\" data-widget_type=\"text-editor.default\">\n\t\t\t\t<div class=\"elementor-widget-container\">\n\t\t\t\t\t\t\t\t\t<p>Echipa Noastr\u0103<\/p>\t\t\t\t\t\t\t\t<\/div>\n\t\t\t\t<\/div>\n\t\t\t\t<\/div>\n\t\t\t\t<div class=\"elementor-element elementor-element-6c6355e elementor-widget elementor-widget-text-editor\" data-id=\"6c6355e\" data-element_type=\"widget\" data-widget_type=\"text-editor.default\">\n\t\t\t\t<div class=\"elementor-widget-container\">\n\t\t\t\t\t\t\t\t\tCunoa\u0219te <span class=\"ofs-text-gradient\">Oamenii<\/span> din Spatele Options.FS\t\t\t\t\t\t\t\t<\/div>\n\t\t\t\t<\/div>\n\t\t\t\t<div class=\"elementor-element elementor-element-53ad610 elementor-widget elementor-widget-text-editor\" data-id=\"53ad610\" data-element_type=\"widget\" data-widget_type=\"text-editor.default\">\n\t\t\t\t<div class=\"elementor-widget-container\">\n\t\t\t\t\t\t\t\t\t<p>O echip\u0103 dedicat\u0103 de exper\u021bi fintech care lucreaz\u0103 pentru a transforma experien\u021ba de creditare.<\/p>\t\t\t\t\t\t\t\t<\/div>\n\t\t\t\t<\/div>\n\t\t\t\t\t<\/div>\n\t\t\t\t<\/div>\n\t\t<div class=\"elementor-element elementor-element-c71f49f e-grid e-con-boxed e-con e-child\" data-id=\"c71f49f\" data-element_type=\"container\">\n\t\t\t\t\t<div class=\"e-con-inner\">\n\t\t<div class=\"elementor-element elementor-element-054e31b e-con-full animated-fast ofs-team-card e-transform e-flex elementor-invisible e-con e-child\" data-id=\"054e31b\" data-element_type=\"container\" data-settings=\"{&quot;animation&quot;:&quot;fadeInUp&quot;,&quot;_transform_translateY_effect_hover&quot;:{&quot;unit&quot;:&quot;px&quot;,&quot;size&quot;:-5,&quot;sizes&quot;:[]},&quot;_transform_translateX_effect_hover&quot;:{&quot;unit&quot;:&quot;px&quot;,&quot;size&quot;:&quot;&quot;,&quot;sizes&quot;:[]},&quot;_transform_translateX_effect_hover_tablet&quot;:{&quot;unit&quot;:&quot;px&quot;,&quot;size&quot;:&quot;&quot;,&quot;sizes&quot;:[]},&quot;_transform_translateX_effect_hover_mobile&quot;:{&quot;unit&quot;:&quot;px&quot;,&quot;size&quot;:&quot;&quot;,&quot;sizes&quot;:[]},&quot;_transform_translateY_effect_hover_tablet&quot;:{&quot;unit&quot;:&quot;px&quot;,&quot;size&quot;:&quot;&quot;,&quot;sizes&quot;:[]},&quot;_transform_translateY_effect_hover_mobile&quot;:{&quot;unit&quot;:&quot;px&quot;,&quot;size&quot;:&quot;&quot;,&quot;sizes&quot;:[]}}\">\n\t\t<div class=\"elementor-element elementor-element-b20c73d e-con-full ofs-team-photo e-flex e-con e-child\" data-id=\"b20c73d\" data-element_type=\"container\">\n\t\t\t\t<div class=\"elementor-element elementor-element-02cc95c elementor-widget elementor-widget-image\" data-id=\"02cc95c\" data-element_type=\"widget\" data-widget_type=\"image.default\">\n\t\t\t\t<div class=\"elementor-widget-container\">\n\t\t\t\t\t\t\t\t\t\t\t\t\t\t\t<img fetchpriority=\"high\" decoding=\"async\" width=\"800\" height=\"860\" src=\"https:\/\/www.options-fs.com\/wp-content\/uploads\/2025\/06\/Dan-953x1024.webp\" class=\"attachment-large size-large wp-image-524\" alt=\"\" srcset=\"https:\/\/www.options-fs.com\/wp-content\/uploads\/2025\/06\/Dan-953x1024.webp 953w, https:\/\/www.options-fs.com\/wp-content\/uploads\/2025\/06\/Dan-279x300.webp 279w, https:\/\/www.options-fs.com\/wp-content\/uploads\/2025\/06\/Dan-768x825.webp 768w, https:\/\/www.options-fs.com\/wp-content\/uploads\/2025\/06\/Dan-1429x1536.webp 1429w, https:\/\/www.options-fs.com\/wp-content\/uploads\/2025\/06\/Dan-11x12.webp 11w, https:\/\/www.options-fs.com\/wp-content\/uploads\/2025\/06\/Dan.webp 1489w\" sizes=\"(max-width: 800px) 100vw, 800px\" \/>\t\t\t\t\t\t\t\t\t\t\t\t\t\t\t<\/div>\n\t\t\t\t<\/div>\n\t\t\t\t<\/div>\n\t\t\t\t<div class=\"elementor-element elementor-element-a4be7bb elementor-widget elementor-widget-text-editor\" data-id=\"a4be7bb\" data-element_type=\"widget\" data-widget_type=\"text-editor.default\">\n\t\t\t\t<div class=\"elementor-widget-container\">\n\t\t\t\t\t\t\t\t\tDan Bratasanu\t\t\t\t\t\t\t\t<\/div>\n\t\t\t\t<\/div>\n\t\t\t\t<div class=\"elementor-element elementor-element-cd3efa2 elementor-widget elementor-widget-text-editor\" data-id=\"cd3efa2\" data-element_type=\"widget\" data-widget_type=\"text-editor.default\">\n\t\t\t\t<div class=\"elementor-widget-container\">\n\t\t\t\t\t\t\t\t\t<p>Director General<\/p>\t\t\t\t\t\t\t\t<\/div>\n\t\t\t\t<\/div>\n\t\t\t\t<\/div>\n\t\t<div class=\"elementor-element elementor-element-8e67d34 e-con-full animated-fast ofs-team-card e-transform e-flex elementor-invisible e-con e-child\" data-id=\"8e67d34\" data-element_type=\"container\" data-settings=\"{&quot;animation&quot;:&quot;fadeInUp&quot;,&quot;_transform_translateY_effect_hover&quot;:{&quot;unit&quot;:&quot;px&quot;,&quot;size&quot;:-5,&quot;sizes&quot;:[]},&quot;animation_delay&quot;:100,&quot;_transform_translateX_effect_hover&quot;:{&quot;unit&quot;:&quot;px&quot;,&quot;size&quot;:&quot;&quot;,&quot;sizes&quot;:[]},&quot;_transform_translateX_effect_hover_tablet&quot;:{&quot;unit&quot;:&quot;px&quot;,&quot;size&quot;:&quot;&quot;,&quot;sizes&quot;:[]},&quot;_transform_translateX_effect_hover_mobile&quot;:{&quot;unit&quot;:&quot;px&quot;,&quot;size&quot;:&quot;&quot;,&quot;sizes&quot;:[]},&quot;_transform_translateY_effect_hover_tablet&quot;:{&quot;unit&quot;:&quot;px&quot;,&quot;size&quot;:&quot;&quot;,&quot;sizes&quot;:[]},&quot;_transform_translateY_effect_hover_mobile&quot;:{&quot;unit&quot;:&quot;px&quot;,&quot;size&quot;:&quot;&quot;,&quot;sizes&quot;:[]}}\">\n\t\t<div class=\"elementor-element elementor-element-2a0197a e-con-full ofs-team-photo e-flex e-con e-child\" data-id=\"2a0197a\" data-element_type=\"container\">\n\t\t\t\t<div class=\"elementor-element elementor-element-e7c9469 elementor-widget elementor-widget-image\" data-id=\"e7c9469\" data-element_type=\"widget\" data-widget_type=\"image.default\">\n\t\t\t\t<div class=\"elementor-widget-container\">\n\t\t\t\t\t\t\t\t\t\t\t\t\t\t\t<img decoding=\"async\" width=\"800\" height=\"917\" src=\"https:\/\/www.options-fs.com\/wp-content\/uploads\/2025\/06\/Vlad-893x1024.webp\" class=\"attachment-large size-large wp-image-552\" alt=\"\" srcset=\"https:\/\/www.options-fs.com\/wp-content\/uploads\/2025\/06\/Vlad-893x1024.webp 893w, https:\/\/www.options-fs.com\/wp-content\/uploads\/2025\/06\/Vlad-262x300.webp 262w, https:\/\/www.options-fs.com\/wp-content\/uploads\/2025\/06\/Vlad-768x881.webp 768w, https:\/\/www.options-fs.com\/wp-content\/uploads\/2025\/06\/Vlad-10x12.webp 10w, https:\/\/www.options-fs.com\/wp-content\/uploads\/2025\/06\/Vlad.webp 986w\" sizes=\"(max-width: 800px) 100vw, 800px\" \/>\t\t\t\t\t\t\t\t\t\t\t\t\t\t\t<\/div>\n\t\t\t\t<\/div>\n\t\t\t\t<\/div>\n\t\t\t\t<div class=\"elementor-element elementor-element-6087469 elementor-widget elementor-widget-text-editor\" data-id=\"6087469\" data-element_type=\"widget\" data-widget_type=\"text-editor.default\">\n\t\t\t\t<div class=\"elementor-widget-container\">\n\t\t\t\t\t\t\t\t\tVlad Harcel\t\t\t\t\t\t\t\t<\/div>\n\t\t\t\t<\/div>\n\t\t\t\t<div class=\"elementor-element elementor-element-6803d81 elementor-widget elementor-widget-text-editor\" data-id=\"6803d81\" data-element_type=\"widget\" data-widget_type=\"text-editor.default\">\n\t\t\t\t<div class=\"elementor-widget-container\">\n\t\t\t\t\t\t\t\t\t<p>Director Tehnic<\/p>\t\t\t\t\t\t\t\t<\/div>\n\t\t\t\t<\/div>\n\t\t\t\t<\/div>\n\t\t<div class=\"elementor-element elementor-element-4d7fb40 e-con-full animated-fast ofs-team-card e-transform e-flex elementor-invisible e-con e-child\" data-id=\"4d7fb40\" data-element_type=\"container\" data-settings=\"{&quot;animation&quot;:&quot;fadeInUp&quot;,&quot;_transform_translateY_effect_hover&quot;:{&quot;unit&quot;:&quot;px&quot;,&quot;size&quot;:-5,&quot;sizes&quot;:[]},&quot;animation_delay&quot;:200,&quot;_transform_translateX_effect_hover&quot;:{&quot;unit&quot;:&quot;px&quot;,&quot;size&quot;:&quot;&quot;,&quot;sizes&quot;:[]},&quot;_transform_translateX_effect_hover_tablet&quot;:{&quot;unit&quot;:&quot;px&quot;,&quot;size&quot;:&quot;&quot;,&quot;sizes&quot;:[]},&quot;_transform_translateX_effect_hover_mobile&quot;:{&quot;unit&quot;:&quot;px&quot;,&quot;size&quot;:&quot;&quot;,&quot;sizes&quot;:[]},&quot;_transform_translateY_effect_hover_tablet&quot;:{&quot;unit&quot;:&quot;px&quot;,&quot;size&quot;:&quot;&quot;,&quot;sizes&quot;:[]},&quot;_transform_translateY_effect_hover_mobile&quot;:{&quot;unit&quot;:&quot;px&quot;,&quot;size&quot;:&quot;&quot;,&quot;sizes&quot;:[]}}\">\n\t\t<div class=\"elementor-element elementor-element-b7476bc e-con-full ofs-team-photo e-flex e-con e-child\" data-id=\"b7476bc\" data-element_type=\"container\">\n\t\t\t\t<div class=\"elementor-element elementor-element-88c3d74 elementor-widget elementor-widget-image\" data-id=\"88c3d74\" data-element_type=\"widget\" data-widget_type=\"image.default\">\n\t\t\t\t<div class=\"elementor-widget-container\">\n\t\t\t\t\t\t\t\t\t\t\t\t\t\t\t<img decoding=\"async\" width=\"800\" height=\"698\" src=\"https:\/\/www.options-fs.com\/wp-content\/uploads\/2025\/06\/Nicolae-1024x894.webp\" class=\"attachment-large size-large wp-image-531\" alt=\"\" srcset=\"https:\/\/www.options-fs.com\/wp-content\/uploads\/2025\/06\/Nicolae-1024x894.webp 1024w, https:\/\/www.options-fs.com\/wp-content\/uploads\/2025\/06\/Nicolae-300x262.webp 300w, https:\/\/www.options-fs.com\/wp-content\/uploads\/2025\/06\/Nicolae-768x671.webp 768w, https:\/\/www.options-fs.com\/wp-content\/uploads\/2025\/06\/Nicolae-1536x1341.webp 1536w, https:\/\/www.options-fs.com\/wp-content\/uploads\/2025\/06\/Nicolae-14x12.webp 14w, https:\/\/www.options-fs.com\/wp-content\/uploads\/2025\/06\/Nicolae.webp 1600w\" sizes=\"(max-width: 800px) 100vw, 800px\" \/>\t\t\t\t\t\t\t\t\t\t\t\t\t\t\t<\/div>\n\t\t\t\t<\/div>\n\t\t\t\t<\/div>\n\t\t\t\t<div class=\"elementor-element elementor-element-7deb0aa elementor-widget elementor-widget-text-editor\" data-id=\"7deb0aa\" data-element_type=\"widget\" data-widget_type=\"text-editor.default\">\n\t\t\t\t<div class=\"elementor-widget-container\">\n\t\t\t\t\t\t\t\t\tNicolae Rosu\t\t\t\t\t\t\t\t<\/div>\n\t\t\t\t<\/div>\n\t\t\t\t<div class=\"elementor-element elementor-element-f61dbdf elementor-widget elementor-widget-text-editor\" data-id=\"f61dbdf\" data-element_type=\"widget\" data-widget_type=\"text-editor.default\">\n\t\t\t\t<div class=\"elementor-widget-container\">\n\t\t\t\t\t\t\t\t\t<p>Responsabil Cre\u0219tere<\/p>\t\t\t\t\t\t\t\t<\/div>\n\t\t\t\t<\/div>\n\t\t\t\t<\/div>\n\t\t\t\t\t<\/div>\n\t\t\t\t<\/div>\n\t\t\t\t\t<\/div>\n\t\t\t\t<\/div>\n\t\t<div class=\"elementor-element elementor-element-55ff943 e-flex e-con-boxed e-con e-parent\" data-id=\"55ff943\" data-element_type=\"container\">\n\t\t\t\t\t<div class=\"e-con-inner\">\n\t\t<div class=\"elementor-element elementor-element-23fd2fe e-flex e-con-boxed e-con e-child\" data-id=\"23fd2fe\" data-element_type=\"container\">\n\t\t\t\t\t<div class=\"e-con-inner\">\n\t\t<div class=\"elementor-element elementor-element-8ca0626 e-con-full ofs-cta-gradient e-flex e-con e-child\" data-id=\"8ca0626\" data-element_type=\"container\" data-settings=\"{&quot;position&quot;:&quot;absolute&quot;}\">\n\t\t\t\t<\/div>\n\t\t<div class=\"elementor-element elementor-element-e2af1b6 animated-fast e-con-full e-flex elementor-invisible e-con e-child\" data-id=\"e2af1b6\" data-element_type=\"container\" data-settings=\"{&quot;animation&quot;:&quot;fadeInUp&quot;}\">\n\t\t\t\t<div class=\"elementor-element elementor-element-34c6ae6 elementor-widget elementor-widget-text-editor\" data-id=\"34c6ae6\" data-element_type=\"widget\" data-widget_type=\"text-editor.default\">\n\t\t\t\t<div class=\"elementor-widget-container\">\n\t\t\t\t\t\t\t\t\tPreg\u0103ti\u021bi s\u0103 v\u0103 transforma\u021bi experien\u021ba de creditare?\t\t\t\t\t\t\t\t<\/div>\n\t\t\t\t<\/div>\n\t\t\t\t<div class=\"elementor-element elementor-element-74b4e81 elementor-widget elementor-widget-text-editor\" data-id=\"74b4e81\" data-element_type=\"widget\" data-widget_type=\"text-editor.default\">\n\t\t\t\t<div class=\"elementor-widget-container\">\n\t\t\t\t\t\t\t\t\t<p>Al\u0103tura\u021bi-v\u0103 re\u021belei \u00een cre\u0219tere de comercian\u021bi \u0219i creditori care folosesc Options.FS<\/p>\t\t\t\t\t\t\t\t<\/div>\n\t\t\t\t<\/div>\n\t\t\t\t<\/div>\n\t\t<div class=\"elementor-element elementor-element-1b37a59 e-con-full animated-fast e-flex elementor-invisible e-con e-child\" data-id=\"1b37a59\" data-element_type=\"container\" data-settings=\"{&quot;animation&quot;:&quot;fadeInUp&quot;}\">\n\t\t\t\t<div class=\"elementor-element elementor-element-76914bd elementor-align-center elementor-widget elementor-widget-button\" data-id=\"76914bd\" data-element_type=\"widget\" data-widget_type=\"button.default\">\n\t\t\t\t<div class=\"elementor-widget-container\">\n\t\t\t\t\t\t\t\t\t<div class=\"elementor-button-wrapper\">\n\t\t\t\t\t<a class=\"elementor-button elementor-button-link elementor-size-sm\" href=\"\/ro\/demo\/\">\n\t\t\t\t\t\t<span class=\"elementor-button-content-wrapper\">\n\t\t\t\t\t\t\t\t\t<span class=\"elementor-button-text\">Programeaz\u0103 Demo<\/span>\n\t\t\t\t\t<\/span>\n\t\t\t\t\t<\/a>\n\t\t\t\t<\/div>\n\t\t\t\t\t\t\t\t<\/div>\n\t\t\t\t<\/div>\n\t\t\t\t<\/div>\n\t\t\t\t\t<\/div>\n\t\t\t\t<\/div>\n\t\t\t\t\t<\/div>\n\t\t\t\t<\/div>\n\t\t\t\t<\/div>","protected":false},"excerpt":{"rendered":"<p>Connect your clients with the best financing options! Option provides a comprehensive solution that enables retailers to facilitate consumer loans for their customers. It includes all essential features: integration with Lenders, Broker License, E-Sign, and upcoming Remote ID verification, allowing your store to begin offering loans at checkout in under one day.<\/p>","protected":false},"author":2,"featured_media":12,"parent":0,"menu_order":0,"comment_status":"closed","ping_status":"closed","template":"","meta":{"_eb_attr":"","om_disable_all_campaigns":false,"footnotes":""},"class_list":["post-1238","page","type-page","status-publish","has-post-thumbnail","hentry"],"aioseo_notices":[],"_links":{"self":[{"href":"https:\/\/www.options-fs.com\/ro\/wp-json\/wp\/v2\/pages\/1238","targetHints":{"allow":["GET"]}}],"collection":[{"href":"https:\/\/www.options-fs.com\/ro\/wp-json\/wp\/v2\/pages"}],"about":[{"href":"https:\/\/www.options-fs.com\/ro\/wp-json\/wp\/v2\/types\/page"}],"author":[{"embeddable":true,"href":"https:\/\/www.options-fs.com\/ro\/wp-json\/wp\/v2\/users\/2"}],"replies":[{"embeddable":true,"href":"https:\/\/www.options-fs.com\/ro\/wp-json\/wp\/v2\/comments?post=1238"}],"version-history":[{"count":91,"href":"https:\/\/www.options-fs.com\/ro\/wp-json\/wp\/v2\/pages\/1238\/revisions"}],"predecessor-version":[{"id":1540,"href":"https:\/\/www.options-fs.com\/ro\/wp-json\/wp\/v2\/pages\/1238\/revisions\/1540"}],"wp:featuredmedia":[{"embeddable":true,"href":"https:\/\/www.options-fs.com\/ro\/wp-json\/wp\/v2\/media\/12"}],"wp:attachment":[{"href":"https:\/\/www.options-fs.com\/ro\/wp-json\/wp\/v2\/media?parent=1238"}],"curies":[{"name":"wp","href":"https:\/\/api.w.org\/{rel}","templated":true}]}}