{"id":1329,"date":"2026-03-17T11:44:17","date_gmt":"2026-03-17T11:44:17","guid":{"rendered":"https:\/\/www.options-fs.com\/?page_id=1329"},"modified":"2026-03-17T22:01:59","modified_gmt":"2026-03-17T22:01:59","slug":"demo","status":"publish","type":"page","link":"https:\/\/www.options-fs.com\/ro\/demo\/","title":{"rendered":"Programeaz\u0103 Demo"},"content":{"rendered":"<div data-elementor-type=\"wp-page\" data-elementor-id=\"1329\" class=\"elementor elementor-1329\" data-elementor-post-type=\"page\">\n\t\t\t\t<div class=\"elementor-element elementor-element-6440872 e-flex e-con-boxed e-con e-parent\" data-id=\"6440872\" data-element_type=\"container\">\n\t\t\t\t\t<div class=\"e-con-inner\">\n\t\t<div class=\"elementor-element elementor-element-6acfa3a e-con-full ofs-demo-hero-orb e-flex e-con e-child\" data-id=\"6acfa3a\" data-element_type=\"container\">\n\t\t\t\t<\/div>\n\t\t<div class=\"elementor-element elementor-element-6d0229e animated-fast e-flex e-con-boxed elementor-invisible e-con e-child\" data-id=\"6d0229e\" data-element_type=\"container\" data-settings=\"{&quot;animation&quot;:&quot;fadeIn&quot;}\">\n\t\t\t\t\t<div class=\"e-con-inner\">\n\t\t<div class=\"elementor-element elementor-element-1680d66 e-con-full ofs-glass-card e-flex elementor-invisible e-con e-child\" data-id=\"1680d66\" data-element_type=\"container\" data-settings=\"{&quot;animation&quot;:&quot;fadeIn&quot;}\">\n\t\t\t\t<div class=\"elementor-element elementor-element-f5911bd elementor-view-framed elementor-shape-circle elementor-widget elementor-widget-icon\" data-id=\"f5911bd\" data-element_type=\"widget\" data-widget_type=\"icon.default\">\n\t\t\t\t<div class=\"elementor-widget-container\">\n\t\t\t\t\t\t\t<div class=\"elementor-icon-wrapper\">\n\t\t\t<div class=\"elementor-icon\">\n\t\t\t<svg xmlns=\"http:\/\/www.w3.org\/2000\/svg\" width=\"24\" height=\"24\" viewbox=\"0 0 24 24\" fill=\"none\" stroke=\"currentColor\" stroke-width=\"2\" stroke-linecap=\"round\" stroke-linejoin=\"round\"><rect width=\"18\" height=\"18\" x=\"3\" y=\"4\" rx=\"2\" ry=\"2\"><\/rect><line x1=\"16\" x2=\"16\" y1=\"2\" y2=\"6\"><\/line><line x1=\"8\" x2=\"8\" y1=\"2\" y2=\"6\"><\/line><line x1=\"3\" x2=\"21\" y1=\"10\" y2=\"10\"><\/line><\/svg>\t\t\t<\/div>\n\t\t<\/div>\n\t\t\t\t\t\t<\/div>\n\t\t\t\t<\/div>\n\t\t\t\t<div class=\"elementor-element elementor-element-f18f3de elementor-widget elementor-widget-text-editor\" data-id=\"f18f3de\" data-element_type=\"widget\" data-widget_type=\"text-editor.default\">\n\t\t\t\t<div class=\"elementor-widget-container\">\n\t\t\t\t\t\t\t\t\t<div class=\"inline-flex items-center gap-2 px-4 py-2 rounded-full glass-card mb-6\"><span class=\"text-sm text-muted-foreground\">Programeaz\u0103 Demo<\/span><\/div>\t\t\t\t\t\t\t\t<\/div>\n\t\t\t\t<\/div>\n\t\t\t\t<\/div>\n\t\t\t\t<div class=\"elementor-element elementor-element-f5f0eaa elementor-widget elementor-widget-text-editor\" data-id=\"f5f0eaa\" data-element_type=\"widget\" data-widget_type=\"text-editor.default\">\n\t\t\t\t<div class=\"elementor-widget-container\">\n\t\t\t\t\t\t\t\t\tVezi <span class=\"ofs-text-gradient\">Options-FS<\/span> \u00een Ac\u021biune\n\t\t\t\t\t\t\t\t<\/div>\n\t\t\t\t<\/div>\n\t\t\t\t<div class=\"elementor-element elementor-element-ad425d4 elementor-widget elementor-widget-text-editor\" data-id=\"ad425d4\" data-element_type=\"widget\" data-widget_type=\"text-editor.default\">\n\t\t\t\t<div class=\"elementor-widget-container\">\n\t\t\t\t\t\t\t\t\t<p>Rezerv\u0103 un demo personalizat cu echipa noastr\u0103 \u0219i descoper\u0103 cum Options-FS poate transforma experien\u021ba ta de checkout.<\/p>\t\t\t\t\t\t\t\t<\/div>\n\t\t\t\t<\/div>\n\t\t<div class=\"elementor-element elementor-element-1ae0248 e-con-full e-flex e-con e-child\" data-id=\"1ae0248\" data-element_type=\"container\">\n\t\t<div class=\"elementor-element elementor-element-39f0c99 e-con-full animated-fast e-flex elementor-invisible e-con e-child\" data-id=\"39f0c99\" data-element_type=\"container\" data-settings=\"{&quot;animation&quot;:&quot;fadeInLeft&quot;}\">\n\t\t\t\t<div class=\"elementor-element elementor-element-03ea401 elementor-view-framed elementor-shape-circle elementor-widget elementor-widget-icon\" data-id=\"03ea401\" data-element_type=\"widget\" data-widget_type=\"icon.default\">\n\t\t\t\t<div class=\"elementor-widget-container\">\n\t\t\t\t\t\t\t<div class=\"elementor-icon-wrapper\">\n\t\t\t<div class=\"elementor-icon\">\n\t\t\t<svg xmlns=\"http:\/\/www.w3.org\/2000\/svg\" width=\"24\" height=\"24\" viewbox=\"0 0 24 24\" fill=\"none\" stroke=\"currentColor\" stroke-width=\"2\" stroke-linecap=\"round\" stroke-linejoin=\"round\"><path d=\"M22 11.08V12a10 10 0 1 1-5.93-9.14\"><\/path><path d=\"m9 11 3 3L22 4\"><\/path><\/svg>\t\t\t<\/div>\n\t\t<\/div>\n\t\t\t\t\t\t<\/div>\n\t\t\t\t<\/div>\n\t\t<div class=\"elementor-element elementor-element-05190e7 e-con-full e-flex e-con e-child\" data-id=\"05190e7\" data-element_type=\"container\">\n\t\t\t\t<div class=\"elementor-element elementor-element-9741933 elementor-widget elementor-widget-text-editor\" data-id=\"9741933\" data-element_type=\"widget\" data-widget_type=\"text-editor.default\">\n\t\t\t\t<div class=\"elementor-widget-container\">\n\t\t\t\t\t\t\t\t\t<p>Prezentare personalizat\u0103 a platformei<\/p>\t\t\t\t\t\t\t\t<\/div>\n\t\t\t\t<\/div>\n\t\t\t\t<\/div>\n\t\t\t\t<\/div>\n\t\t<div class=\"elementor-element elementor-element-83bf439 e-con-full animated-fast e-flex elementor-invisible e-con e-child\" data-id=\"83bf439\" data-element_type=\"container\" data-settings=\"{&quot;animation&quot;:&quot;fadeInLeft&quot;,&quot;animation_delay&quot;:100}\">\n\t\t\t\t<div class=\"elementor-element elementor-element-d5308b6 elementor-view-framed elementor-shape-circle elementor-widget elementor-widget-icon\" data-id=\"d5308b6\" data-element_type=\"widget\" data-widget_type=\"icon.default\">\n\t\t\t\t<div class=\"elementor-widget-container\">\n\t\t\t\t\t\t\t<div class=\"elementor-icon-wrapper\">\n\t\t\t<div class=\"elementor-icon\">\n\t\t\t<svg xmlns=\"http:\/\/www.w3.org\/2000\/svg\" width=\"24\" height=\"24\" viewbox=\"0 0 24 24\" fill=\"none\" stroke=\"currentColor\" stroke-width=\"2\" stroke-linecap=\"round\" stroke-linejoin=\"round\"><path d=\"M22 11.08V12a10 10 0 1 1-5.93-9.14\"><\/path><path d=\"m9 11 3 3L22 4\"><\/path><\/svg>\t\t\t<\/div>\n\t\t<\/div>\n\t\t\t\t\t\t<\/div>\n\t\t\t\t<\/div>\n\t\t<div class=\"elementor-element elementor-element-4a20d3d e-con-full e-flex e-con e-child\" data-id=\"4a20d3d\" data-element_type=\"container\">\n\t\t\t\t<div class=\"elementor-element elementor-element-2668cea elementor-widget elementor-widget-text-editor\" data-id=\"2668cea\" data-element_type=\"widget\" data-widget_type=\"text-editor.default\">\n\t\t\t\t<div class=\"elementor-widget-container\">\n\t\t\t\t\t\t\t\t\t<p>Demo live al tabloului de bord pentru comercian\u021bi<\/p>\t\t\t\t\t\t\t\t<\/div>\n\t\t\t\t<\/div>\n\t\t\t\t<\/div>\n\t\t\t\t<\/div>\n\t\t<div class=\"elementor-element elementor-element-9a0740a e-con-full animated-fast e-flex elementor-invisible e-con e-child\" data-id=\"9a0740a\" data-element_type=\"container\" data-settings=\"{&quot;animation&quot;:&quot;fadeInLeft&quot;,&quot;animation_delay&quot;:200}\">\n\t\t\t\t<div class=\"elementor-element elementor-element-bf5f949 elementor-view-framed elementor-shape-circle elementor-widget elementor-widget-icon\" data-id=\"bf5f949\" data-element_type=\"widget\" data-widget_type=\"icon.default\">\n\t\t\t\t<div class=\"elementor-widget-container\">\n\t\t\t\t\t\t\t<div class=\"elementor-icon-wrapper\">\n\t\t\t<div class=\"elementor-icon\">\n\t\t\t<svg xmlns=\"http:\/\/www.w3.org\/2000\/svg\" width=\"24\" height=\"24\" viewbox=\"0 0 24 24\" fill=\"none\" stroke=\"currentColor\" stroke-width=\"2\" stroke-linecap=\"round\" stroke-linejoin=\"round\"><path d=\"M22 11.08V12a10 10 0 1 1-5.93-9.14\"><\/path><path d=\"m9 11 3 3L22 4\"><\/path><\/svg>\t\t\t<\/div>\n\t\t<\/div>\n\t\t\t\t\t\t<\/div>\n\t\t\t\t<\/div>\n\t\t<div class=\"elementor-element elementor-element-2124b60 e-con-full e-flex e-con e-child\" data-id=\"2124b60\" data-element_type=\"container\">\n\t\t\t\t<div class=\"elementor-element elementor-element-ca82d6b elementor-widget elementor-widget-text-editor\" data-id=\"ca82d6b\" data-element_type=\"widget\" data-widget_type=\"text-editor.default\">\n\t\t\t\t<div class=\"elementor-widget-container\">\n\t\t\t\t\t\t\t\t\t<p>Discu\u021bie despre op\u021biunile de integrare<\/p>\t\t\t\t\t\t\t\t<\/div>\n\t\t\t\t<\/div>\n\t\t\t\t<\/div>\n\t\t\t\t<\/div>\n\t\t<div class=\"elementor-element elementor-element-9d0373a e-con-full animated-fast e-flex elementor-invisible e-con e-child\" data-id=\"9d0373a\" data-element_type=\"container\" data-settings=\"{&quot;animation&quot;:&quot;fadeInLeft&quot;,&quot;animation_delay&quot;:300}\">\n\t\t\t\t<div class=\"elementor-element elementor-element-6a42f92 elementor-view-framed elementor-shape-circle elementor-widget elementor-widget-icon\" data-id=\"6a42f92\" data-element_type=\"widget\" data-widget_type=\"icon.default\">\n\t\t\t\t<div class=\"elementor-widget-container\">\n\t\t\t\t\t\t\t<div class=\"elementor-icon-wrapper\">\n\t\t\t<div class=\"elementor-icon\">\n\t\t\t<svg xmlns=\"http:\/\/www.w3.org\/2000\/svg\" width=\"24\" height=\"24\" viewbox=\"0 0 24 24\" fill=\"none\" stroke=\"currentColor\" stroke-width=\"2\" stroke-linecap=\"round\" stroke-linejoin=\"round\"><path d=\"M22 11.08V12a10 10 0 1 1-5.93-9.14\"><\/path><path d=\"m9 11 3 3L22 4\"><\/path><\/svg>\t\t\t<\/div>\n\t\t<\/div>\n\t\t\t\t\t\t<\/div>\n\t\t\t\t<\/div>\n\t\t<div class=\"elementor-element elementor-element-13cc816 e-con-full e-flex e-con e-child\" data-id=\"13cc816\" data-element_type=\"container\">\n\t\t\t\t<div class=\"elementor-element elementor-element-27f8390 elementor-widget elementor-widget-text-editor\" data-id=\"27f8390\" data-element_type=\"widget\" data-widget_type=\"text-editor.default\">\n\t\t\t\t<div class=\"elementor-widget-container\">\n\t\t\t\t\t\t\t\t\t<p>Pre\u021buri personalizate pentru afacerea ta<\/p>\t\t\t\t\t\t\t\t<\/div>\n\t\t\t\t<\/div>\n\t\t\t\t<\/div>\n\t\t\t\t<\/div>\n\t\t<div class=\"elementor-element elementor-element-8ac848f e-con-full animated-fast e-flex elementor-invisible e-con e-child\" data-id=\"8ac848f\" data-element_type=\"container\" data-settings=\"{&quot;animation&quot;:&quot;fadeInLeft&quot;,&quot;animation_delay&quot;:400}\">\n\t\t\t\t<div class=\"elementor-element elementor-element-a867d77 elementor-view-framed elementor-shape-circle elementor-widget elementor-widget-icon\" data-id=\"a867d77\" data-element_type=\"widget\" data-widget_type=\"icon.default\">\n\t\t\t\t<div class=\"elementor-widget-container\">\n\t\t\t\t\t\t\t<div class=\"elementor-icon-wrapper\">\n\t\t\t<div class=\"elementor-icon\">\n\t\t\t<svg xmlns=\"http:\/\/www.w3.org\/2000\/svg\" width=\"24\" height=\"24\" viewbox=\"0 0 24 24\" fill=\"none\" stroke=\"currentColor\" stroke-width=\"2\" stroke-linecap=\"round\" stroke-linejoin=\"round\"><path d=\"M22 11.08V12a10 10 0 1 1-5.93-9.14\"><\/path><path d=\"m9 11 3 3L22 4\"><\/path><\/svg>\t\t\t<\/div>\n\t\t<\/div>\n\t\t\t\t\t\t<\/div>\n\t\t\t\t<\/div>\n\t\t<div class=\"elementor-element elementor-element-48e8162 e-con-full e-flex e-con e-child\" data-id=\"48e8162\" data-element_type=\"container\">\n\t\t\t\t<div class=\"elementor-element elementor-element-c0f9a2d elementor-widget elementor-widget-text-editor\" data-id=\"c0f9a2d\" data-element_type=\"widget\" data-widget_type=\"text-editor.default\">\n\t\t\t\t<div class=\"elementor-widget-container\">\n\t\t\t\t\t\t\t\t\t<p>Sesiune de \u00eentreb\u0103ri \u0219i r\u0103spunsuri cu echipa noastr\u0103<\/p>\t\t\t\t\t\t\t\t<\/div>\n\t\t\t\t<\/div>\n\t\t\t\t<\/div>\n\t\t\t\t<\/div>\n\t\t\t\t<\/div>\n\t\t<div class=\"elementor-element elementor-element-8273241 e-con-full ofs-glass-card e-flex e-con e-child\" data-id=\"8273241\" data-element_type=\"container\">\n\t\t<div class=\"elementor-element elementor-element-7526bd5 e-con-full e-flex e-con e-child\" data-id=\"7526bd5\" data-element_type=\"container\">\n\t\t\t\t<div class=\"elementor-element elementor-element-7027b01 elementor-view-framed elementor-shape-circle elementor-widget elementor-widget-icon\" data-id=\"7027b01\" data-element_type=\"widget\" data-widget_type=\"icon.default\">\n\t\t\t\t<div class=\"elementor-widget-container\">\n\t\t\t\t\t\t\t<div class=\"elementor-icon-wrapper\">\n\t\t\t<div class=\"elementor-icon\">\n\t\t\t<svg xmlns=\"http:\/\/www.w3.org\/2000\/svg\" width=\"24\" height=\"24\" viewbox=\"0 0 24 24\" fill=\"none\" stroke=\"currentColor\" stroke-width=\"2\" stroke-linecap=\"round\" stroke-linejoin=\"round\"><circle cx=\"12\" cy=\"12\" r=\"10\"><\/circle><polyline points=\"12 6 12 12 16 14\"><\/polyline><\/svg>\t\t\t<\/div>\n\t\t<\/div>\n\t\t\t\t\t\t<\/div>\n\t\t\t\t<\/div>\n\t\t<div class=\"elementor-element elementor-element-6d6cb0f e-con-full e-flex e-con e-child\" data-id=\"6d6cb0f\" data-element_type=\"container\">\n\t\t\t\t<div class=\"elementor-element elementor-element-d8aceee elementor-widget elementor-widget-text-editor\" data-id=\"d8aceee\" data-element_type=\"widget\" data-widget_type=\"text-editor.default\">\n\t\t\t\t<div class=\"elementor-widget-container\">\n\t\t\t\t\t\t\t\t\t<p>Sub 2 minute<\/p>\t\t\t\t\t\t\t\t<\/div>\n\t\t\t\t<\/div>\n\t\t\t\t<div class=\"elementor-element elementor-element-c9e1199 elementor-widget elementor-widget-text-editor\" data-id=\"c9e1199\" data-element_type=\"widget\" data-widget_type=\"text-editor.default\">\n\t\t\t\t<div class=\"elementor-widget-container\">\n\t\t\t\t\t\t\t\t\t<p>Timp de aprobare<\/p>\t\t\t\t\t\t\t\t<\/div>\n\t\t\t\t<\/div>\n\t\t\t\t<\/div>\n\t\t\t\t<\/div>\n\t\t<div class=\"elementor-element elementor-element-18a6b6a e-con-full e-flex e-con e-child\" data-id=\"18a6b6a\" data-element_type=\"container\">\n\t\t\t\t<div class=\"elementor-element elementor-element-3798fe6 elementor-widget elementor-widget-text-editor\" data-id=\"3798fe6\" data-element_type=\"widget\" data-widget_type=\"text-editor.default\">\n\t\t\t\t<div class=\"elementor-widget-container\">\n\t\t\t\t\t\t\t\t\t<p>Dup\u0103 trimiterea formularului, echipa noastr\u0103 v\u0103 va contacta \u00een 24 de ore pentru a stabili o or\u0103 convenabil\u0103.<\/p>\t\t\t\t\t\t\t\t<\/div>\n\t\t\t\t<\/div>\n\t\t\t\t<\/div>\n\t\t\t\t<\/div>\n\t\t\t\t\t<\/div>\n\t\t\t\t<\/div>\n\t\t<div class=\"elementor-element elementor-element-6e731e1 e-con-full e-flex elementor-invisible e-con e-child\" data-id=\"6e731e1\" data-element_type=\"container\" data-settings=\"{&quot;animation&quot;:&quot;fadeIn&quot;}\">\n\t\t<div class=\"elementor-element elementor-element-46fe2eb e-con-full ofs-glass-card animated-fast e-flex e-con e-child\" data-id=\"46fe2eb\" data-element_type=\"container\" data-settings=\"{&quot;animation&quot;:&quot;none&quot;,&quot;background_background&quot;:&quot;classic&quot;}\">\n\t\t<div class=\"elementor-element elementor-element-22c1dc8 e-con-full e-flex e-con e-child\" data-id=\"22c1dc8\" data-element_type=\"container\">\n\t\t\t\t<div class=\"elementor-element elementor-element-b982655 elementor-widget elementor-widget-text-editor\" data-id=\"b982655\" data-element_type=\"widget\" data-widget_type=\"text-editor.default\">\n\t\t\t\t<div class=\"elementor-widget-container\">\n\t\t\t\t\t\t\t\t\t<p>Solicit\u0103 Demo-ul t\u0103u<\/p>\t\t\t\t\t\t\t\t<\/div>\n\t\t\t\t<\/div>\n\t\t\t\t<div class=\"elementor-element elementor-element-a33f09d elementor-widget elementor-widget-text-editor\" data-id=\"a33f09d\" data-element_type=\"widget\" data-widget_type=\"text-editor.default\">\n\t\t\t\t<div class=\"elementor-widget-container\">\n\t\t\t\t\t\t\t\t\t<p>Completeaz\u0103 formularul \u0219i te vom contacta \u00een cur\u00e2nd.<\/p>\t\t\t\t\t\t\t\t<\/div>\n\t\t\t\t<\/div>\n\t\t\t\t<\/div>\n\t\t\t\t<div class=\"elementor-element elementor-element-2df6bf5 elementor-button-align-start ofs-form elementor-widget elementor-widget-form\" data-id=\"2df6bf5\" data-element_type=\"widget\" data-settings=\"{&quot;step_next_label&quot;:&quot;Next&quot;,&quot;step_previous_label&quot;:&quot;Submit&quot;,&quot;button_width&quot;:&quot;100&quot;,&quot;step_type&quot;:&quot;number_text&quot;,&quot;step_icon_shape&quot;:&quot;circle&quot;}\" data-widget_type=\"form.default\">\n\t\t\t\t<div class=\"elementor-widget-container\">\n\t\t\t\t\t\t\t<form class=\"elementor-form\" method=\"post\" name=\"Request Your Demo\" aria-label=\"Solicit\u0103 Demo-ul t\u0103u\" action=\"\">\n\t\t\t<input type=\"hidden\" name=\"post_id\" value=\"1329\"\/>\n\t\t\t<input type=\"hidden\" name=\"form_id\" value=\"2df6bf5\"\/>\n\t\t\t<input type=\"hidden\" name=\"referer_title\" value=\"Schedule a Demo\" \/>\n\n\t\t\t\t\t\t\t<input type=\"hidden\" name=\"queried_id\" value=\"1329\"\/>\n\t\t\t\n\t\t\t<div class=\"elementor-form-fields-wrapper elementor-labels-above\">\n\t\t\t\t\t\t\t\t<div class=\"elementor-field-type-text elementor-field-group elementor-column elementor-field-group-name elementor-col-50 elementor-field-required elementor-mark-required\">\n\t\t\t\t\t\t\t\t\t\t\t\t<label for=\"form-field-name\" class=\"elementor-field-label\">\n\t\t\t\t\t\t\t\tNume complet\t\t\t\t\t\t\t<\/label>\n\t\t\t\t\t\t\t\t\t\t\t\t\t\t<input size=\"1\" type=\"text\" name=\"form_fields[name]\" id=\"form-field-name\" class=\"elementor-field elementor-size-sm  elementor-field-textual\" placeholder=\"John Doe\" required=\"required\">\n\t\t\t\t\t\t\t\t\t\t\t<\/div>\n\t\t\t\t\t\t\t\t<div class=\"elementor-field-type-text elementor-field-group elementor-column elementor-field-group-field_6477f9d elementor-col-50 elementor-field-required elementor-mark-required\">\n\t\t\t\t\t\t\t\t\t\t\t\t<label for=\"form-field-field_6477f9d\" class=\"elementor-field-label\">\n\t\t\t\t\t\t\t\tCompanie\t\t\t\t\t\t\t<\/label>\n\t\t\t\t\t\t\t\t\t\t\t\t\t\t<input size=\"1\" type=\"text\" name=\"form_fields[field_6477f9d]\" id=\"form-field-field_6477f9d\" class=\"elementor-field elementor-size-sm  elementor-field-textual\" placeholder=\"Compania Ta\" required=\"required\">\n\t\t\t\t\t\t\t\t\t\t\t<\/div>\n\t\t\t\t\t\t\t\t<div class=\"elementor-field-type-email elementor-field-group elementor-column elementor-field-group-field_667e731 elementor-col-50 elementor-field-required elementor-mark-required\">\n\t\t\t\t\t\t\t\t\t\t\t\t<label for=\"form-field-field_667e731\" class=\"elementor-field-label\">\n\t\t\t\t\t\t\t\tE-mail\t\t\t\t\t\t\t<\/label>\n\t\t\t\t\t\t\t\t\t\t\t\t\t\t<input size=\"1\" type=\"email\" name=\"form_fields[field_667e731]\" id=\"form-field-field_667e731\" class=\"elementor-field elementor-size-sm  elementor-field-textual\" placeholder=\"john@company.com\" required=\"required\">\n\t\t\t\t\t\t\t\t\t\t\t<\/div>\n\t\t\t\t\t\t\t\t<div class=\"elementor-field-type-tel elementor-field-group elementor-column elementor-field-group-field_8fa2cf9 elementor-col-50\">\n\t\t\t\t\t\t\t\t\t\t\t\t<label for=\"form-field-field_8fa2cf9\" class=\"elementor-field-label\">\n\t\t\t\t\t\t\t\tNum\u0103r telefon\t\t\t\t\t\t\t<\/label>\n\t\t\t\t\t\t\t\t<input size=\"1\" type=\"tel\" name=\"form_fields[field_8fa2cf9]\" id=\"form-field-field_8fa2cf9\" class=\"elementor-field elementor-size-sm  elementor-field-textual\" placeholder=\"+40 123 456 789\" pattern=\"[0-9()#&amp;+*-=.]+\" title=\"Sunt acceptate doar cifrele \u0219i caracterele specifice numerelor de telefon (#, -, , etc.)\">\n\n\t\t\t\t\t\t<\/div>\n\t\t\t\t\t\t\t\t<div class=\"elementor-field-type-textarea elementor-field-group elementor-column elementor-field-group-message elementor-col-100\">\n\t\t\t\t\t\t\t\t\t\t\t\t<label for=\"form-field-message\" class=\"elementor-field-label\">\n\t\t\t\t\t\t\t\tMesaj\t\t\t\t\t\t\t<\/label>\n\t\t\t\t\t\t<textarea class=\"elementor-field-textual elementor-field  elementor-size-sm\" name=\"form_fields[message]\" id=\"form-field-message\" rows=\"4\" placeholder=\"Spune-ne despre afacerea ta \u0219i ce cau\u021bi...\"><\/textarea>\t\t\t\t<\/div>\n\t\t\t\t\t\t\t\t<div class=\"elementor-field-group elementor-column elementor-field-type-submit elementor-col-100 e-form__buttons\">\n\t\t\t\t\t<button class=\"elementor-button elementor-size-sm\" type=\"submit\">\n\t\t\t\t\t\t<span class=\"elementor-button-content-wrapper\">\n\t\t\t\t\t\t\t\t\t\t\t\t\t\t\t\t\t\t\t\t\t\t<span class=\"elementor-button-text\">Programeaz\u0103 Demo<\/span>\n\t\t\t\t\t\t\t\t\t\t\t\t\t<\/span>\n\t\t\t\t\t<\/button>\n\t\t\t\t<\/div>\n\t\t\t<\/div>\n\t\t<input type=\"hidden\" name=\"trp-form-language\" value=\"ro\"\/><\/form>\n\t\t\t\t\t\t<\/div>\n\t\t\t\t<\/div>\n\t\t\t\t<div class=\"elementor-element elementor-element-7910ae2 elementor-widget elementor-widget-text-editor\" data-id=\"7910ae2\" data-element_type=\"widget\" data-widget_type=\"text-editor.default\">\n\t\t\t\t<div class=\"elementor-widget-container\">\n\t\t\t\t\t\t\t\t\t<p>Prin trimiterea acestui formular, sunte\u021bi de acord cu Politica noastr\u0103 de confiden\u021bialitate \u0219i cu Termenii \u0219i condi\u021biile de utilizare.<\/p>\t\t\t\t\t\t\t\t<\/div>\n\t\t\t\t<\/div>\n\t\t\t\t<\/div>\n\t\t\t\t<\/div>\n\t\t\t\t\t<\/div>\n\t\t\t\t<\/div>\n\t\t\t\t<\/div>","protected":false},"excerpt":{"rendered":"<p>Connect your clients with the best financing options! Option provides a comprehensive solution that enables retailers to facilitate consumer loans for their customers. It includes all essential features: integration with Lenders, Broker License, E-Sign, and upcoming Remote ID verification, allowing your store to begin offering loans at checkout in under one day.<\/p>","protected":false},"author":2,"featured_media":12,"parent":0,"menu_order":0,"comment_status":"closed","ping_status":"closed","template":"","meta":{"_eb_attr":"","om_disable_all_campaigns":false,"footnotes":""},"class_list":["post-1329","page","type-page","status-publish","has-post-thumbnail","hentry"],"aioseo_notices":[],"_links":{"self":[{"href":"https:\/\/www.options-fs.com\/ro\/wp-json\/wp\/v2\/pages\/1329","targetHints":{"allow":["GET"]}}],"collection":[{"href":"https:\/\/www.options-fs.com\/ro\/wp-json\/wp\/v2\/pages"}],"about":[{"href":"https:\/\/www.options-fs.com\/ro\/wp-json\/wp\/v2\/types\/page"}],"author":[{"embeddable":true,"href":"https:\/\/www.options-fs.com\/ro\/wp-json\/wp\/v2\/users\/2"}],"replies":[{"embeddable":true,"href":"https:\/\/www.options-fs.com\/ro\/wp-json\/wp\/v2\/comments?post=1329"}],"version-history":[{"count":88,"href":"https:\/\/www.options-fs.com\/ro\/wp-json\/wp\/v2\/pages\/1329\/revisions"}],"predecessor-version":[{"id":1572,"href":"https:\/\/www.options-fs.com\/ro\/wp-json\/wp\/v2\/pages\/1329\/revisions\/1572"}],"wp:featuredmedia":[{"embeddable":true,"href":"https:\/\/www.options-fs.com\/ro\/wp-json\/wp\/v2\/media\/12"}],"wp:attachment":[{"href":"https:\/\/www.options-fs.com\/ro\/wp-json\/wp\/v2\/media?parent=1329"}],"curies":[{"name":"wp","href":"https:\/\/api.w.org\/{rel}","templated":true}]}}